{"id":1189,"date":"2020-11-13T23:43:45","date_gmt":"2020-11-13T23:43:45","guid":{"rendered":"http:\/\/myrun.pt\/?page_id=1189"},"modified":"2022-02-21T13:58:29","modified_gmt":"2022-02-21T13:58:29","slug":"privacidade-e-tratamento-de-dados-pessoais","status":"publish","type":"page","link":"https:\/\/myrun.pt\/en\/privacidade-e-tratamento-de-dados-pessoais\/","title":{"rendered":"Processing of personal data"},"content":{"rendered":"<p><strong>\u00daltima atualiza\u00e7\u00e3o: 14 de Agosto de 2020<\/strong><\/p>\n\n\n\n<p>A presente Pol\u00edtica de Privacidade regula o tratamento de dados de car\u00e1cter pessoal realizado no website myrun.pt (doravante tamb\u00e9m designado por &#8220;website&#8221;).&nbsp;<\/p>\n\n\n\n<p>O utilizador do website deve ler atentamente a presente Pol\u00edtica de Privacidade sempre que se propuser utilizar o website, j\u00e1 que esta pode sofrer modifica\u00e7\u00f5es sem aviso pr\u00e9vio (verifique a data da atualiza\u00e7\u00e3o no in\u00edcio do texto).&nbsp;<\/p>\n\n\n\n<p><strong>1. Defini\u00e7\u00e3o<\/strong><\/p>\n\n\n\n<p><strong>1.1<\/strong> Por dados pessoais deve ser entendida a informa\u00e7\u00e3o, de qualquer natureza e suporte, incluindo-se o som e imagem, relativa a uma pessoa singular identificada ou identific\u00e1vel. \u00c9 considerada como identific\u00e1vel uma pessoa que possa ser identificada, direta ou indiretamente, designadamente por refer\u00eancia a um n\u00famero de identifica\u00e7\u00e3o ou a um ou mais elementos espec\u00edficos da sua identidade f\u00edsica, fisiol\u00f3gica, ps\u00edquica, econ\u00f3mica, cultural ou social.&nbsp;<\/p>\n\n\n\n<p><strong>2. Respons\u00e1vel pelo tratamento e Autoridade de controlo nacional<\/strong><\/p>\n\n\n\n<p><strong>2.1<\/strong> Para contactar o respons\u00e1vel pelo tratamento dos dados pessoais recolhidos pelo website dever\u00e1 utilizar o endere\u00e7o de email a seguir indicado: dpo@myrun.pt<\/p>\n\n\n\n<p><strong>2.2 Autoridade de controlo nacional<\/strong><\/p>\n\n\n\n<p>A autoridade de controlo nacional \u00e9 a Comiss\u00e3o nacional de Prote\u00e7\u00e3o de dados (CNPD):<br>Av. D. Carlos I, 134 &#8211; 1.\u00ba 1200-651 Lisboa; <a href=\"mailto:geral@cnpd.pt\">geral@cnpd.pt<\/a><\/p>\n\n\n\n<p><strong>3. Tipos de dados pessoais e finalidades do tratamento<\/strong><\/p>\n\n\n\n<p><strong>3.1 Cookies <\/strong>Este website utiliza cookies&nbsp;para melhorar o seu servi\u00e7o. Alguns cookies s\u00e3o essenciais para garantir as funcionalidades disponibilizadas, enquanto outros s\u00e3o destinadas a melhorar o desempenho e a experi\u00eancia do utilizador.&nbsp;Os Cookies permitem o registo das informa\u00e7\u00f5es de estado enquanto navega e quando regressa a um determinado s\u00edtio da Internet, mantendo as sess\u00f5es HTTP. N\u00e3o dever\u00e1 continuar a aceder ao&nbsp;website ap\u00f3s o alerta sobre os cookies, se n\u00e3o concordar com a sua utiliza\u00e7\u00e3o. Para mais informa\u00e7\u00f5es sobre os cookies usados por este website e forma de os gerir e modificar, por favor consulte a Pol\u00edtica de Cookies.&nbsp;<\/p>\n\n\n\n<p><strong>3.2 Conte\u00fado incorporado de outros sites<\/strong><\/p>\n\n\n\n<p>Os artigos neste website podem incluir conte\u00fado incorporado (por exemplo: v\u00eddeos, imagens, artigos). O conte\u00fado incorporado de outros websites comporta-se tal como se o utilizador os visitasse diretamente. Esta Pol\u00edtica de Privacidade n\u00e3o se aplica a esses websites. Por favor, consulte os termos e condi\u00e7\u00f5es e pol\u00edtica de privacidade desses websites para averiguar como captam e usam seus dados pessoais e para que fins.<\/p>\n\n\n\n<p><strong>3.3 <\/strong>Os an\u00fancios contidos no nosso website funcionam como links para o site do anunciante e, como tal, as informa\u00e7\u00f5es que forem recolhidas por ter clicado nesse link ser\u00e3o recolhidas e usadas pelo anunciante, de acordo com a sua pol\u00edtica de privacidade.<\/p>\n\n\n\n<p><strong>3.4 Newsletters<\/strong><\/p>\n\n\n\n<p>&nbsp;O website, disponibiliza a possibilidade de subscri\u00e7\u00e3o de um servi\u00e7o gratuito de newsletters aos seus visitantes. A finalidade deste servi\u00e7o visa levar ao conhecimento dos seus subscritores, informa\u00e7\u00e3o dentro das \u00e1reas de interesse abrangidas pelo website, designadamente sobre percursos pedestres e reflex\u00f5es. Para poder usufruir deste servi\u00e7o ter\u00e1 necessariamente que fornecer o seu endere\u00e7o de email. Poder\u00e1 cancelar a subscri\u00e7\u00e3o do servi\u00e7o das newsletters a qualquer altura, bastando, para o feito, seguir as indica\u00e7\u00f5es nesse sentido presentes no final de cada newsletter.&nbsp;<\/p>\n\n\n\n<p><strong>3.5 Coment\u00e1rios no&nbsp;blog<\/strong><\/p>\n\n\n\n<p>Para comentar as publica\u00e7\u00f5es do&nbsp;blog&nbsp;&nbsp;solicitamos os seguintes dados: nome, endere\u00e7o de email, p\u00e1gina Web (se aplic\u00e1vel). Os dados s\u00e3o guardados automaticamente no nosso servidor e s\u00e3o utilizados, exclusivamente, para dar resposta aos coment\u00e1rios. \u00c9 sempre poss\u00edvel alterar os dados ou requerer a sua elimina\u00e7\u00e3o da nossa base de dados atrav\u00e9s do endere\u00e7o de email:\u00ad\u00ad\u00ad\u00ad\u00ad\u00ad\u00ad\u00ad\u00ad\u00ad\u00ad\u00ad\u00ad\u00ad\u00ad\u00ad\u00ad\u00ad\u00ad dpo@myrun.pt<\/p>\n\n\n\n<p><strong>3.6 <\/strong>O Utilizador garante que os dados pessoais facultados ao website, s\u00e3o verdadeiros e torna-se respons\u00e1vel por comunicar qualquer altera\u00e7\u00e3o dos mesmos.<\/p>\n\n\n\n<p><strong>4. Per\u00edodo de conserva\u00e7\u00e3o dos seus dados<\/strong><\/p>\n\n\n\n<p>Os dados pessoais ser\u00e3o mantidos at\u00e9 que o utilizador solicite que sejam eliminados da nossa base de dados. Pode pedir a sua remo\u00e7\u00e3o a qualquer altura recorrendo ao do endere\u00e7o de email: \u00ad\u00ad\u00ad\u00ad\u00ad\u00ad\u00ad\u00ad\u00ad\u00ad\u00ad\u00ad\u00ad\u00ad\u00addpo@myrun.pt<\/p>\n\n\n\n<p><strong>5. Fornecimento de dados a terceiros&nbsp;<\/strong><\/p>\n\n\n\n<p><strong>5.1 <\/strong>Os seus dados pessoais poder\u00e3o ser divulgados a terceiros prestadores de servi\u00e7os que auxiliem o website no exerc\u00edcio da sua atividade tais como servi\u00e7os de alojamento de p\u00e1gina web, correio eletr\u00f3nico, gest\u00e3o de marca e promo\u00e7\u00f5es de produtos. Na medida do poss\u00edvel, o website, procura garantir que as entidades que t\u00eam acesso aos dados pessoais s\u00e3o cred\u00edveis e oferecem elevadas garantias de prote\u00e7\u00e3o, nunca lhes sendo transmitidos dados para al\u00e9m do necess\u00e1rio \u00e0 presta\u00e7\u00e3o do servi\u00e7o contratado.<\/p>\n\n\n\n<p><strong>5.2 <\/strong>Al\u00e9m disso, os seus dados pessoais poder\u00e3o ser divulgados a terceiros, para:<\/p>\n\n\n\n<p>Satisfazer exig\u00eancias impostas pela lei ou pelas autoridades governamentais ou judiciais competentes;&nbsp;<\/p>\n\n\n\n<p>Satisfazer exig\u00eancias necess\u00e1rias para instaurar ou sustentar um processo judicial ou a defesa numa a\u00e7\u00e3o judicial;&nbsp;<\/p>\n\n\n\n<p>Os seus dados pessoais poder\u00e3o tamb\u00e9m ser comunicados \u00e0 pol\u00edcia ou \u00e0s autoridades judiciais, em conformidade com as leis e regulamentos aplic\u00e1veis e mediante um pedido formal por parte das autoridades, para efeitos de preven\u00e7\u00e3o de fraude (servi\u00e7os anti-fraude).<\/p>\n\n\n\n<p><strong>6. Armazenamento dos seus Dados Pessoais<\/strong><\/p>\n\n\n\n<p>Os dados pessoais recolhidos e tratados pelo website s\u00e3o armazenados em servidores com acesso limitado, localizados em instala\u00e7\u00f5es controladas.&nbsp;<\/p>\n\n\n\n<p><strong>7. Medidas de seguran\u00e7a<\/strong><\/p>\n\n\n\n<p>Para evitar a divulga\u00e7\u00e3o ou acesso n\u00e3o autorizado e para assegurar uma utiliza\u00e7\u00e3o apropriada dos dados pessoais dos utilizadores, o website recorre a procedimentos f\u00edsicos, t\u00e9cnicos e administrativos apropriados e razo\u00e1veis para salvaguardar a informa\u00e7\u00e3o que recolhe e trata, de forma a proteger os dados pessoais contra a sua difus\u00e3o, perda, uso indevido, altera\u00e7\u00e3o, tratamento ou acesso n\u00e3o autorizado bem como, contra qualquer outra forma de tratamento il\u00edcito.<\/p>\n\n\n\n<p>Para esse efeito, para al\u00e9m da utiliza\u00e7\u00e3o de protocolo HTTP sobre uma camada adicional de seguran\u00e7a que utiliza o protocolo SSL\/TLS (HTTPS), o seu sistema encripta a informa\u00e7\u00e3o para garantir que os mesmos n\u00e3o s\u00e3o objeto de interce\u00e7\u00e3o quando transmitidos atrav\u00e9s da rede e tem implementados sistemas de autentica\u00e7\u00e3o \/ controlo de acessos (login e password) e utiliza\u00e7\u00e3o de firewalls.<\/p>\n\n\n\n<p><strong>8. Direitos dos Titulares dos Dados&nbsp;<\/strong><\/p>\n\n\n\n<p>De acordo com a legisla\u00e7\u00e3o em vigor, o utilizador tem direito de acesso e retifica\u00e7\u00e3o dos seus dados pessoais, bem como o direito de solicitar a sua elimina\u00e7\u00e3o, opor-se ao seu tratamento e obter a sua limita\u00e7\u00e3o ou portabilidade na medida em que seja aplic\u00e1vel.<\/p>\n\n\n\n<p>Pode igualmente opor-se a que os seus dados sejam utilizados com o fim de cria\u00e7\u00e3o do seu perfil de cliente; neste caso, n\u00e3o poder\u00e1 beneficiar de ofertas ou servi\u00e7os personalizados. Al\u00e9m disso, pode, a qualquer momento, pedir para deixar de receber as nossas comunica\u00e7\u00f5es para efeitos de marketing e publicidade.&nbsp;<\/p>\n\n\n\n<p>Estes direitos podem ser exercidos entrando em contacto com os respons\u00e1veis pelo website<\/p>\n\n\n\n<p>&#8211; por e-mail: dpo@myrun.pt<\/p>\n\n\n\n<p><strong>9. Liga\u00e7\u00e3o para redes sociais<\/strong><\/p>\n\n\n\n<p>Permitimos a liga\u00e7\u00e3o a redes sociais, mas n\u00e3o somos respons\u00e1veis pelas suas pol\u00edticas de privacidade e seguran\u00e7a. Recomendamos que as verifique.<\/p>\n\n\n\n<p>Trata-se de liga\u00e7\u00f5es a redes sociais externas ao website sujeitas a Pol\u00edticas de Privacidade pr\u00f3prias. Estas redes poder\u00e3o registar a informa\u00e7\u00e3o relativa \u00e0s atividades dos utilizadores na Internet, incluindo no nosso s\u00edtio da Internet.<\/p>\n\n\n\n<p>Recomendamos a an\u00e1lise das condi\u00e7\u00f5es de utiliza\u00e7\u00e3o e das pol\u00edticas de privacidade destas redes sociais, de modo a saber exatamente como estas utilizam os dados pessoais dos utilizadores, bem como o procedimento para eliminar ou limitar o tratamento desses dados.<\/p>\n\n\n\n<p><strong>10. Direito aplic\u00e1vel&nbsp;<\/strong><\/p>\n\n\n\n<p>Em caso de controv\u00e9rsia ou reclama\u00e7\u00e3o de qualquer natureza relacionada com este website ser\u00e1 aplic\u00e1vel a lei portuguesa, independentemente de qualquer conflito de leis aplic\u00e1veis. Sem preju\u00edzo de apresenta\u00e7\u00e3o de queixa junto da autoridade de controlo nacional identificada na al\u00ednea 2.2, as partes acordam que todas as a\u00e7\u00f5es ou procedimentos legais decorrentes ou relacionados com esta Pol\u00edtica de Privacidade, ser\u00e3o da compet\u00eancia dos tribunais portugueses e aceitam submeter qualquer litigio relativo a esta mat\u00e9ria \u00e0 compet\u00eancia do Tribunal Judicial da Comarca do Porto.&nbsp;<\/p>\n\n\n\n<p><strong>11. Atualiza\u00e7\u00f5es da Presente Pol\u00edtica de Privacidade<\/strong><\/p>\n\n\n\n<p>Esta Pol\u00edtica de Privacidade est\u00e1 sujeita a altera\u00e7\u00f5es. A indica\u00e7\u00e3o da data da \u00faltima atualiza\u00e7\u00e3o a este documento consta da legenda \u201cAtualizada em\u201d, no cabe\u00e7alho deste documento. As altera\u00e7\u00f5es a esta Pol\u00edtica de Privacidade entrar\u00e3o em vigor no momento da sua publica\u00e7\u00e3o no website.&nbsp;<\/p>","protected":false},"excerpt":{"rendered":"<p>\u00daltima atualiza\u00e7\u00e3o: 14 de Agosto de 2020 A presente Pol\u00edtica de Privacidade regula o tratamento de dados de car\u00e1cter pessoal&#8230;<\/p>\n<div class=\"more-link-wrapper\"><a class=\"more-link\" href=\"https:\/\/myrun.pt\/en\/privacidade-e-tratamento-de-dados-pessoais\/\">Ler o Post<span class=\"screen-reader-text\">Processing of personal data<\/span><\/a><\/div>","protected":false},"author":2,"featured_media":0,"parent":0,"menu_order":0,"comment_status":"closed","ping_status":"closed","template":"","meta":{"_et_pb_use_builder":"","_et_pb_old_content":"","_et_gb_content_width":"","om_disable_all_campaigns":false,"_monsterinsights_skip_tracking":false,"_monsterinsights_sitenote_active":false,"_monsterinsights_sitenote_note":"","_monsterinsights_sitenote_category":0,"iawp_total_views":4,"footnotes":""},"class_list":["post-1189","page","type-page","status-publish","hentry","excerpt","zoom","full-without-featured","even","excerpt-0"],"aioseo_notices":[],"_hostinger_reach_plugin_has_subscription_block":false,"_hostinger_reach_plugin_is_elementor":false,"_links":{"self":[{"href":"https:\/\/myrun.pt\/en\/wp-json\/wp\/v2\/pages\/1189","targetHints":{"allow":["GET"]}}],"collection":[{"href":"https:\/\/myrun.pt\/en\/wp-json\/wp\/v2\/pages"}],"about":[{"href":"https:\/\/myrun.pt\/en\/wp-json\/wp\/v2\/types\/page"}],"author":[{"embeddable":true,"href":"https:\/\/myrun.pt\/en\/wp-json\/wp\/v2\/users\/2"}],"replies":[{"embeddable":true,"href":"https:\/\/myrun.pt\/en\/wp-json\/wp\/v2\/comments?post=1189"}],"version-history":[{"count":5,"href":"https:\/\/myrun.pt\/en\/wp-json\/wp\/v2\/pages\/1189\/revisions"}],"predecessor-version":[{"id":1782,"href":"https:\/\/myrun.pt\/en\/wp-json\/wp\/v2\/pages\/1189\/revisions\/1782"}],"wp:attachment":[{"href":"https:\/\/myrun.pt\/en\/wp-json\/wp\/v2\/media?parent=1189"}],"curies":[{"name":"wp","href":"https:\/\/api.w.org\/{rel}","templated":true}]}}